{"id":259,"date":"2024-10-06T20:41:04","date_gmt":"2024-10-06T20:41:04","guid":{"rendered":"https:\/\/iplteminescu.md\/?page_id=259"},"modified":"2024-10-07T20:02:14","modified_gmt":"2024-10-07T20:02:14","slug":"liceul-teoretic-mihai-eminescu","status":"publish","type":"page","link":"https:\/\/iplteminescu.md\/index.php\/liceul-teoretic-mihai-eminescu\/","title":{"rendered":"Istoric"},"content":{"rendered":"\n<h1 class=\"wp-block-heading has-text-align-center\"><strong>Istoricul \u0219i misiunea liceului<\/strong><\/h1>\n\n\n\n<p class=\"has-medium-font-size\" style=\"font-style:normal;font-weight:600\">   Liceul Teoretic \u201cMihai Eminescu\u201d din Cahul a fost inaugurat la 15 octombrie 1989, iar \u00eencep\u00e2nd din 2003 poart\u0103 cu m\u00e2ndrie titlul de Liceu Teoretic. De-a lungul istoriei sale, aceast\u0103 institu\u021bie de \u00eenv\u0103\u021b\u0103m\u00e2nt s-a impus ca un veritabil far educa\u021bional, preg\u0103tind elite pentru diverse domenii de activitate.<\/p>\n\n\n\n<p class=\"has-medium-font-size\" style=\"font-style:normal;font-weight:600\">   Liceul nostru este recunoscut pentru standardele academice ridicate \u0219i pentru angajamentul de a forma oameni de succes. Elevii no\u0219tri sunt echipa\u021bi cu cuno\u0219tin\u021be temeinice \u0219i abilit\u0103\u021bi necesare pentru a excela \u00een diverse facult\u0103\u021bi \u0219i cariere, de la medicin\u0103, bioinginerie, biochimie, \u0219i tehnologiile informa\u021bionale, p\u00e2n\u0103 la drept, limbi moderne \u0219i \u0219tiin\u021be socio-umane.<\/p>\n\n\n\n<p class=\"has-medium-font-size\" style=\"font-style:normal;font-weight:600\">   O tradi\u021bie a excelen\u021bei se reflect\u0103 \u0219i \u00een rezultatele ob\u021binute la examenele de Bacalaureat, unde procentele de promovare aproape de maximum ne-au a\u0219ezat ferm \u00een r\u00e2ndul celor mai bune licee din sudul Republicii Moldova.<\/p>\n\n\n\n<p class=\"has-medium-font-size\" style=\"font-style:normal;font-weight:600\">   Liceul \u201cMihai Eminescu\u201d din or. Cahul, \u00ee\u0219i asum\u0103 cu responsabilitate misiunea de a dezvolta o atitudine pozitiv\u0103 fa\u021b\u0103 de \u00eenv\u0103\u021barea continu\u0103 \u0219i de a cultiva o cultur\u0103 general\u0103 solid\u0103. Absolven\u021bii no\u0219tri sunt preg\u0103ti\u021bi s\u0103 comunice eficient, s\u0103 rela\u021bioneze constructiv \u0219i s\u0103 \u00ee\u0219i foloseasc\u0103 inteligen\u021ba emo\u021bional\u0103 pentru a face fa\u021b\u0103 provoc\u0103rilor din carier\u0103 \u0219i din via\u021b\u0103.<\/p>\n\n\n\n<p class=\"has-medium-font-size\" style=\"font-style:normal;font-weight:600\">   Astfel, studiile din cadrul acestui liceu, nu doar ofer\u0103 o educa\u021bie de elit\u0103, ci creeaz\u0103 adev\u0103ra\u021bi oameni de succes, recunoscu\u021bi at\u00e2t pe plan na\u021bional, c\u00e2t \u0219i interna\u021bional.<\/p>\n\n\n<style type=\"text\/css\">\n#foogallery-gallery-270 .fg-image { width: 150px; }\n#foogallery-gallery-270 { --fg-gutter: 10px; }<\/style>\n\t\t\t<div class=\"foogallery foogallery-container foogallery-default foogallery-lightbox-foogallery fg-center fg-default fg-ready fg-light fg-border-thin fg-shadow-outline fg-loading-default fg-loaded-fade-in fg-caption-hover fg-hover-fade fg-hover-zoom\" id=\"foogallery-gallery-270\" data-foogallery=\"{&quot;item&quot;:{&quot;showCaptionTitle&quot;:true,&quot;showCaptionDescription&quot;:true},&quot;lazy&quot;:true}\" data-foogallery-lightbox=\"{&quot;thumbs&quot;:&quot;bottom&quot;,&quot;thumbsCaptions&quot;:false,&quot;thumbsBestFit&quot;:false,&quot;thumbsSmall&quot;:false,&quot;thumbsCaptionsAlign&quot;:&quot;default&quot;,&quot;info&quot;:&quot;bottom&quot;,&quot;infoVisible&quot;:true,&quot;infoOverlay&quot;:true,&quot;infoAlign&quot;:&quot;default&quot;,&quot;transition&quot;:&quot;fade&quot;,&quot;hoverButtons&quot;:false,&quot;fitMedia&quot;:false,&quot;noScrollbars&quot;:true,&quot;preserveButtonSpace&quot;:true,&quot;buttons&quot;:{&quot;fullscreen&quot;:true,&quot;info&quot;:true,&quot;thumbs&quot;:false},&quot;video&quot;:{&quot;autoPlay&quot;:true}}\" style=\"--fg-title-line-clamp: 0; --fg-description-line-clamp: 0;\" >\n\t<div class=\"fg-item fg-type-image fg-idle\"><figure class=\"fg-item-inner\"><a href=\"https:\/\/iplteminescu.md\/wp-content\/uploads\/2024\/10\/istoric1.jpg\" data-attachment-id=\"290\" data-type=\"image\" class=\"fg-thumb\"><span class=\"fg-image-wrap\"><img decoding=\"async\" width=\"150\" height=\"150\" class=\"skip-lazy fg-image\" data-src-fg=\"https:\/\/iplteminescu.md\/wp-content\/uploads\/cache\/2024\/10\/istoric1\/3221805673.jpg\" src=\"data:image\/svg+xml,%3Csvg%20xmlns%3D%22http%3A%2F%2Fwww.w3.org%2F2000%2Fsvg%22%20width%3D%22150%22%20height%3D%22150%22%20viewBox%3D%220%200%20150%20150%22%3E%3C%2Fsvg%3E\" loading=\"eager\"><\/span><span class=\"fg-image-overlay\"><\/span><\/a><\/figure><div class=\"fg-loader\"><\/div><\/div><div class=\"fg-item fg-type-image fg-idle\"><figure class=\"fg-item-inner\"><a href=\"https:\/\/iplteminescu.md\/wp-content\/uploads\/2024\/10\/Liceu_dintro_parte_sd.jpg\" data-attachment-id=\"158\" data-type=\"image\" class=\"fg-thumb\"><span class=\"fg-image-wrap\"><img decoding=\"async\" width=\"150\" height=\"150\" class=\"skip-lazy fg-image\" data-src-fg=\"https:\/\/iplteminescu.md\/wp-content\/uploads\/cache\/2024\/10\/Liceu_dintro_parte_sd\/1235779941.jpg\" src=\"data:image\/svg+xml,%3Csvg%20xmlns%3D%22http%3A%2F%2Fwww.w3.org%2F2000%2Fsvg%22%20width%3D%22150%22%20height%3D%22150%22%20viewBox%3D%220%200%20150%20150%22%3E%3C%2Fsvg%3E\" loading=\"eager\"><\/span><span class=\"fg-image-overlay\"><\/span><\/a><\/figure><div class=\"fg-loader\"><\/div><\/div><div class=\"fg-item fg-type-image fg-idle\"><figure class=\"fg-item-inner\"><a href=\"https:\/\/iplteminescu.md\/wp-content\/uploads\/2024\/10\/istoric2.jpg\" data-attachment-id=\"291\" data-type=\"image\" class=\"fg-thumb\"><span class=\"fg-image-wrap\"><img decoding=\"async\" width=\"150\" height=\"150\" class=\"skip-lazy fg-image\" data-src-fg=\"https:\/\/iplteminescu.md\/wp-content\/uploads\/cache\/2024\/10\/istoric2\/3276890405.jpg\" src=\"data:image\/svg+xml,%3Csvg%20xmlns%3D%22http%3A%2F%2Fwww.w3.org%2F2000%2Fsvg%22%20width%3D%22150%22%20height%3D%22150%22%20viewBox%3D%220%200%20150%20150%22%3E%3C%2Fsvg%3E\" loading=\"eager\"><\/span><span class=\"fg-image-overlay\"><\/span><\/a><\/figure><div class=\"fg-loader\"><\/div><\/div><\/div>\n\n\n\n<h2 class=\"wp-block-heading\"><\/h2>\n\n\n\n<p><\/p>\n","protected":false},"excerpt":{"rendered":"<p>Istoricul \u0219i misiunea liceului Liceul Teoretic \u201cMihai Eminescu\u201d din Cahul a fost inaugurat la 15 octombrie 1989, iar \u00eencep\u00e2nd din 2003 poart\u0103 cu m\u00e2ndrie titlul de<span class=\"excerpt-hellip\"> [\u2026]<\/span><\/p>\n","protected":false},"author":1,"featured_media":0,"parent":0,"menu_order":0,"comment_status":"closed","ping_status":"closed","template":"","meta":{"_themeisle_gutenberg_block_has_review":false,"footnotes":""},"class_list":["post-259","page","type-page","status-publish","hentry"],"_links":{"self":[{"href":"https:\/\/iplteminescu.md\/index.php\/wp-json\/wp\/v2\/pages\/259","targetHints":{"allow":["GET"]}}],"collection":[{"href":"https:\/\/iplteminescu.md\/index.php\/wp-json\/wp\/v2\/pages"}],"about":[{"href":"https:\/\/iplteminescu.md\/index.php\/wp-json\/wp\/v2\/types\/page"}],"author":[{"embeddable":true,"href":"https:\/\/iplteminescu.md\/index.php\/wp-json\/wp\/v2\/users\/1"}],"replies":[{"embeddable":true,"href":"https:\/\/iplteminescu.md\/index.php\/wp-json\/wp\/v2\/comments?post=259"}],"version-history":[{"count":12,"href":"https:\/\/iplteminescu.md\/index.php\/wp-json\/wp\/v2\/pages\/259\/revisions"}],"predecessor-version":[{"id":295,"href":"https:\/\/iplteminescu.md\/index.php\/wp-json\/wp\/v2\/pages\/259\/revisions\/295"}],"wp:attachment":[{"href":"https:\/\/iplteminescu.md\/index.php\/wp-json\/wp\/v2\/media?parent=259"}],"curies":[{"name":"wp","href":"https:\/\/api.w.org\/{rel}","templated":true}]}}