{"id":420,"date":"2024-10-19T20:52:46","date_gmt":"2024-10-19T20:52:46","guid":{"rendered":"https:\/\/iplteminescu.md\/?page_id=420"},"modified":"2024-10-30T04:55:16","modified_gmt":"2024-10-30T04:55:16","slug":"baza-materiala-a-liceului","status":"publish","type":"page","link":"https:\/\/iplteminescu.md\/index.php\/baza-materiala-a-liceului\/","title":{"rendered":"Baza material\u0103 a liceului"},"content":{"rendered":"\n<p class=\"has-black-color has-text-color has-link-color wp-elements-8587ca7f770cd008ef8f36d7743356ba\" style=\"font-size:26px\"><strong>Baza material\u0103 a liceului nostru const\u0103 \u00een:<\/strong><\/p>\n\n\n\n<ul class=\"wp-block-list has-black-color has-text-color has-link-color wp-elements-9c01bfeed92ee071addf0dd109b84cb8\">\n<li style=\"font-size:24px\">53 s\u0103li de clas\u0103;<\/li>\n\n\n\n<li style=\"font-size:24px\">Cinci laboratoare: de biologie, fizic\u0103, chimie \u0219i dou\u0103 de informatic\u0103, toate dotate cu echipamente, dispozitive cu senzori, etc, utile pentru lucr\u0103rile de laborator din treapta de gimnaziu \u0219i liceu.<\/li>\n\n\n\n<li style=\"font-size:24px\">Dou\u0103 sali de informatic\u0103 bogate \u00een calculatoare noi, un proiector, un multifunc\u021bional, notebook, tabl\u0103 interactiv\u0103, mobilier nou.<\/li>\n\n\n\n<li style=\"font-size:24px\">O bibliotec\u0103 cu sal\u0103 de lectur\u0103 spa\u021bioas\u0103 \u0219i cu un fond de carte de 5 586 volume de c\u0103r\u021bi artistice \u0219i 21 883 manuale la diferite discipline \u0219colare.<\/li>\n\n\n\n<li style=\"font-size:24px\">O clas\u0103 a viitorului dotat\u0103 cu tabl\u0103 interactiv\u0103, notebook, proiector, mobilier nou.<\/li>\n\n\n\n<li style=\"font-size:24px\">Un cabinet al psihologului \u0219colar.<\/li>\n\n\n\n<li style=\"font-size:24px\">Un centru metodic al profesorului de sprijin pentru elevii cu cerin\u021be educa\u021bionale speciale<\/li>\n\n\n\n<li style=\"font-size:24px\">Un cabinet medical.<\/li>\n\n\n\n<li style=\"font-size:24px\">2 s\u0103li sportive amenajate \u0219i dotate cu diverse echipamente necesare pentru ora de educa\u021bie fizic\u0103.<\/li>\n\n\n\n<li style=\"font-size:24px\">2 terenuri sportive amplasate \u00een curtea liceului. Ambele echipate pentru fodbal, baschet \u0219i voleibol.<\/li>\n\n\n\n<li style=\"font-size:24px\">5 videoproiectoare pentru realizarea unor lec\u021bii moderne \u0219i interactive.<\/li>\n\n\n\n<li style=\"font-size:24px\">O cantin\u0103 \u0219colar\u0103 dedicat\u0103 servirii pr\u00e2nzului elevilor, dotat\u0103 cu mese \u0219i scaune aranjate ordonat. Personalul preg\u0103te\u0219te \u0219i serve\u0219te diverse feluri de m\u00e2ncare, asigur\u00e2nd o alimenta\u021bie echilibrat\u0103 \u0219i s\u0103n\u0103toas\u0103.<\/li>\n\n\n\n<li style=\"font-size:24px\">O sal\u0103 de festivit\u0103\u021bi spa\u021bioas\u0103, cu mobilier nou, prezentabil\u0103 pentru orice activitate extra\u0219colar\u0103.<\/li>\n<\/ul>\n\n\n<style type=\"text\/css\">\n#foogallery-gallery-421.fg-justified .fg-item { margin-right: 2px; margin-bottom: 2px; }\n#foogallery-gallery-421.fg-justified .fg-image { height: 200px; }<\/style>\n\t\t\t<div class=\"foogallery foogallery-container foogallery-justified foogallery-lightbox-foogallery fg-justified fg-ready fg-light fg-shadow-outline fg-loading-default fg-loaded-fade-in fg-caption-always fg-hover-fade fg-hover-zoom2\" id=\"foogallery-gallery-421\" data-foogallery=\"{&quot;item&quot;:{&quot;showCaptionTitle&quot;:true,&quot;showCaptionDescription&quot;:false},&quot;lazy&quot;:true,&quot;template&quot;:{&quot;rowHeight&quot;:200,&quot;maxRowHeight&quot;:300,&quot;margins&quot;:2,&quot;align&quot;:&quot;center&quot;,&quot;lastRow&quot;:&quot;smart&quot;}}\" data-foogallery-lightbox=\"{&quot;thumbs&quot;:&quot;bottom&quot;,&quot;thumbsCaptions&quot;:false,&quot;thumbsBestFit&quot;:false,&quot;thumbsSmall&quot;:false,&quot;thumbsCaptionsAlign&quot;:&quot;default&quot;,&quot;info&quot;:&quot;bottom&quot;,&quot;infoVisible&quot;:true,&quot;infoOverlay&quot;:true,&quot;infoAlign&quot;:&quot;default&quot;,&quot;transition&quot;:&quot;fade&quot;,&quot;hoverButtons&quot;:false,&quot;fitMedia&quot;:false,&quot;noScrollbars&quot;:true,&quot;preserveButtonSpace&quot;:true,&quot;buttons&quot;:{&quot;fullscreen&quot;:true,&quot;info&quot;:true,&quot;thumbs&quot;:false},&quot;video&quot;:{&quot;autoPlay&quot;:true}}\" style=\"--fg-title-line-clamp: 0; --fg-description-line-clamp: 0;\" >\n\t<div class=\"fg-item fg-type-image fg-idle\"><figure class=\"fg-item-inner\"><a href=\"https:\/\/iplteminescu.md\/wp-content\/uploads\/2024\/10\/13-3.jpg\" data-attachment-id=\"422\" data-type=\"image\" class=\"fg-thumb\"><span class=\"fg-image-wrap\"><img fetchpriority=\"high\" decoding=\"async\" height=\"300\" width=\"400\" class=\"skip-lazy fg-image\" data-src-fg=\"https:\/\/iplteminescu.md\/wp-content\/uploads\/cache\/2024\/10\/13-3\/663014349.jpg\" src=\"data:image\/svg+xml,%3Csvg%20xmlns%3D%22http%3A%2F%2Fwww.w3.org%2F2000%2Fsvg%22%20width%3D%22400%22%20height%3D%22300%22%20viewBox%3D%220%200%20400%20300%22%3E%3C%2Fsvg%3E\" loading=\"eager\"><\/span><span class=\"fg-image-overlay\"><\/span><\/a><\/figure><div class=\"fg-loader\"><\/div><\/div><div class=\"fg-item fg-type-image fg-idle\"><figure class=\"fg-item-inner\"><a href=\"https:\/\/iplteminescu.md\/wp-content\/uploads\/2024\/10\/12-2.jpg\" data-attachment-id=\"423\" data-type=\"image\" class=\"fg-thumb\"><span class=\"fg-image-wrap\"><img decoding=\"async\" height=\"300\" width=\"400\" class=\"skip-lazy fg-image\" data-src-fg=\"https:\/\/iplteminescu.md\/wp-content\/uploads\/cache\/2024\/10\/12-2\/292329108.jpg\" src=\"data:image\/svg+xml,%3Csvg%20xmlns%3D%22http%3A%2F%2Fwww.w3.org%2F2000%2Fsvg%22%20width%3D%22400%22%20height%3D%22300%22%20viewBox%3D%220%200%20400%20300%22%3E%3C%2Fsvg%3E\" loading=\"eager\"><\/span><span class=\"fg-image-overlay\"><\/span><\/a><\/figure><div class=\"fg-loader\"><\/div><\/div><div class=\"fg-item fg-type-image fg-idle\"><figure class=\"fg-item-inner\"><a href=\"https:\/\/iplteminescu.md\/wp-content\/uploads\/2024\/10\/20-1.jpg\" data-attachment-id=\"424\" data-type=\"image\" class=\"fg-thumb\"><span class=\"fg-image-wrap\"><img decoding=\"async\" height=\"300\" width=\"667\" class=\"skip-lazy fg-image\" data-src-fg=\"https:\/\/iplteminescu.md\/wp-content\/uploads\/cache\/2024\/10\/20-1\/1786029988.jpg\" src=\"data:image\/svg+xml,%3Csvg%20xmlns%3D%22http%3A%2F%2Fwww.w3.org%2F2000%2Fsvg%22%20width%3D%22667%22%20height%3D%22300%22%20viewBox%3D%220%200%20667%20300%22%3E%3C%2Fsvg%3E\" loading=\"eager\"><\/span><span class=\"fg-image-overlay\"><\/span><\/a><\/figure><div class=\"fg-loader\"><\/div><\/div><\/div>\n\n","protected":false},"excerpt":{"rendered":"<p>Baza material\u0103 a liceului nostru const\u0103 \u00een:<\/p>\n","protected":false},"author":1,"featured_media":0,"parent":0,"menu_order":0,"comment_status":"closed","ping_status":"closed","template":"","meta":{"_themeisle_gutenberg_block_has_review":false,"footnotes":""},"class_list":["post-420","page","type-page","status-publish","hentry"],"_links":{"self":[{"href":"https:\/\/iplteminescu.md\/index.php\/wp-json\/wp\/v2\/pages\/420","targetHints":{"allow":["GET"]}}],"collection":[{"href":"https:\/\/iplteminescu.md\/index.php\/wp-json\/wp\/v2\/pages"}],"about":[{"href":"https:\/\/iplteminescu.md\/index.php\/wp-json\/wp\/v2\/types\/page"}],"author":[{"embeddable":true,"href":"https:\/\/iplteminescu.md\/index.php\/wp-json\/wp\/v2\/users\/1"}],"replies":[{"embeddable":true,"href":"https:\/\/iplteminescu.md\/index.php\/wp-json\/wp\/v2\/comments?post=420"}],"version-history":[{"count":3,"href":"https:\/\/iplteminescu.md\/index.php\/wp-json\/wp\/v2\/pages\/420\/revisions"}],"predecessor-version":[{"id":441,"href":"https:\/\/iplteminescu.md\/index.php\/wp-json\/wp\/v2\/pages\/420\/revisions\/441"}],"wp:attachment":[{"href":"https:\/\/iplteminescu.md\/index.php\/wp-json\/wp\/v2\/media?parent=420"}],"curies":[{"name":"wp","href":"https:\/\/api.w.org\/{rel}","templated":true}]}}